{"id":533,"date":"2018-12-25T12:38:19","date_gmt":"2018-12-25T11:38:19","guid":{"rendered":"http:\/\/www.przyladekhistorii.pl\/?page_id=533"},"modified":"2023-05-07T20:15:13","modified_gmt":"2023-05-07T18:15:13","slug":"kamienny-obeliskprzy-drodze-mysliwskiej","status":"publish","type":"page","link":"https:\/\/www.przyladekhistorii.pl\/index.php\/kamienny-obeliskprzy-drodze-mysliwskiej\/","title":{"rendered":"Kamienny obelisk przy Drodze My\u015bliwskiej"},"content":{"rendered":"<div data-editor=\"2iea7\" data-block=\"true\" data-offset-key=\"fr269-0-0\">\n<div class=\"_1mf _1mj\" style=\"text-align: justify;\" data-offset-key=\"fr269-0-0\"><span data-offset-key=\"fr269-0-0\">W pobli\u017cu przeka\u017anika na Dzielcu s\u0105siedztwie Drogi My\u015bliwskiej stoi charakterystyczny g\u0142az. Wed\u0142ug p. Lechos\u0142awa Siarkiewicza jest to kamie\u0144 upami\u0119tniaj\u0105cy l\u0105deckiego kupca-poet\u0119 Zimmermanna, kt\u00f3rego dwaj synowie ponie\u015bli \u015bmier\u0107 w szeregach armii niemieckiej na froncie wschodnim pod koniec II wojny \u015bwiatowej <\/span><span data-offset-key=\"fr269-0-0\">(<a href=\"https:\/\/polska-org.pl\/3725541,Ladek_Zdroj,Obelisk_kamienny.html\">https:\/\/polska-org.pl\/3725541,Ladek_Zdroj,Obelisk_kamienny.html<\/a>). <\/span><\/div>\n<div class=\"_1mf _1mj\" style=\"text-align: justify;\" data-offset-key=\"fr269-0-0\"><span data-offset-key=\"fr269-0-0\">Zdanie jest tak sformu\u0142owane, \u017ce mo\u017cna zrozumie\u0107, i\u017c kamie\u0144 upami\u0119tnia\u0142 samego kupca Zimmermanna, a nie jego syn\u00f3w-\u017co\u0142nierzy.<\/span><\/div>\n<div data-offset-key=\"fr269-0-0\"><img loading=\"lazy\" class=\"aligncenter wp-image-532 size-large\" src=\"http:\/\/www.przyladekhistorii.pl\/wp-content\/uploads\/2018\/12\/g\u0142az06-768x1024.jpg\" alt=\"\" width=\"640\" height=\"853\" srcset=\"https:\/\/www.przyladekhistorii.pl\/wp-content\/uploads\/2018\/12\/g\u0142az06-768x1024.jpg 768w, https:\/\/www.przyladekhistorii.pl\/wp-content\/uploads\/2018\/12\/g\u0142az06-225x300.jpg 225w, https:\/\/www.przyladekhistorii.pl\/wp-content\/uploads\/2018\/12\/g\u0142az06-203x270.jpg 203w, https:\/\/www.przyladekhistorii.pl\/wp-content\/uploads\/2018\/12\/g\u0142az06.jpg 1296w\" sizes=\"(max-width: 640px) 100vw, 640px\" \/><\/div>\n<\/div>\n<div style=\"text-align: justify;\" data-editor=\"2iea7\" data-block=\"true\" data-offset-key=\"ahclr-0-0\">\n<div class=\"_1mf _1mj\" data-offset-key=\"ahclr-0-0\"><span data-offset-key=\"ahclr-0-0\">Wed\u0142ug innych wersji kamie\u0144 mia\u0142 upami\u0119tnia\u0142 ofiar\u0119 (ofiary?) katastrofy lotniczej. Wedle tej wersji, w L\u0105dku-Zdroju i na Puchacz\u00f3wce by\u0142y szko\u0142y lotnicze i jeden (kilku?) z uczestnik\u00f3w kursu lotniczego mia\u0142o si\u0119 rozbi\u0107 o ow\u0105 g\u00f3r\u0119.<\/span><\/div>\n<\/div>\n<div style=\"text-align: justify;\" data-editor=\"2iea7\" data-block=\"true\" data-offset-key=\"1a11q-0-0\">\n<div class=\"_1mf _1mj\" data-offset-key=\"1a11q-0-0\"><span data-offset-key=\"1a11q-0-0\">Ci\u0119\u017cko te\u017c okre\u015bli\u0107 jak g\u0142az wygl\u0105da\u0142 pierwotnie. W owalnym zag\u0142\u0119bieniu co\u015b by\u0142o umieszczone (zdj\u0119cie?), pozosta\u0142o tylko zag\u0142\u0119bienie z dwoma otworami (po bolcach lub \u015brubach). Przed g\u0142azem pionowo mia\u0142o by\u0107 umieszczone \u015bmig\u0142o. Faktycznie jeden z kamieni stanowi\u0105cych fundament, na kt\u00f3rym umieszczono g\u0142az ma wydr\u0105\u017cony otw\u00f3r. Brak jest jakichkolwiek napis\u00f3w, nie wida\u0107 te\u017c \u015blad\u00f3w po skuciu czy zatarciu takowych.<\/span><\/div>\n<div data-offset-key=\"1a11q-0-0\"><img loading=\"lazy\" class=\"aligncenter wp-image-530 size-large\" src=\"http:\/\/www.przyladekhistorii.pl\/wp-content\/uploads\/2018\/12\/g\u0142az04-768x1024.jpg\" alt=\"\" width=\"640\" height=\"853\" srcset=\"https:\/\/www.przyladekhistorii.pl\/wp-content\/uploads\/2018\/12\/g\u0142az04-768x1024.jpg 768w, https:\/\/www.przyladekhistorii.pl\/wp-content\/uploads\/2018\/12\/g\u0142az04-225x300.jpg 225w, https:\/\/www.przyladekhistorii.pl\/wp-content\/uploads\/2018\/12\/g\u0142az04-203x270.jpg 203w, https:\/\/www.przyladekhistorii.pl\/wp-content\/uploads\/2018\/12\/g\u0142az04.jpg 1296w\" sizes=\"(max-width: 640px) 100vw, 640px\" \/><\/div>\n<\/div>\n<div data-editor=\"2iea7\" data-block=\"true\" data-offset-key=\"nbsp-0-0\">\n<div class=\"_1mf _1mj\" style=\"text-align: justify;\" data-offset-key=\"nbsp-0-0\"><span data-offset-key=\"nbsp-0-0\">Co do kupca Zimmermanna to wedle ksi\u0105\u017cki adresowej z 1937 roku w\u0142a\u015bcicielk\u0105 domu przy Seitenberger Str. 22 (obecna Ko\u015bciuszki 22) by\u0142a Margarete Zimmermann, za\u015b ponad dekad\u0119 wcze\u015bniej Teodor i Hedwig Zimmermann. Teodor zmar\u0142 17 marca 1930 roku w wieku 87 lat. W ksi\u0119dze zmar\u0142ych w parafii ewangelickiej L\u0105dek-Zdr\u00f3j odnotowany zosta\u0142 jako rentier, czyli osoba utrzymuj\u0105ca si\u0119 z procent\u00f3w, odsetek, ci\u0119\u017cko wi\u0119c powiedzie\u0107 czy to chodzi o tego Zimmermanna. Zreszt\u0105 gdyby to chodzi\u0142o o niego, to jak m\u00f3g\u0142by wystawi\u0107 tak\u0105 pami\u0105tk\u0119 poleg\u0142ym w okolicach 1944\/45 roku synom, skoro zmar\u0142 9 lat przed wybuchem 2 wojny \u015bwiatowej?<\/span><\/div>\n<div data-offset-key=\"nbsp-0-0\">\n<hr \/>\n<p>Zagadk\u0119 wyja\u015bni\u0142 Zbigniew Walu\u015b<\/p><\/div>\n<div style=\"text-align: justify;\" data-offset-key=\"nbsp-0-0\">Wykonany z marmuru w 1930 r. kilka miesi\u0119cy po \u015bmierci Theodora Zimmermanna. Mia\u0142 2,5 m wysoko\u015bci i wa\u017cy\u0142 ok. 2,5 tony. Pomnik zdobi\u0142 relief (p\u0142askorze\u017aba) z portretem Zimmermanna. Model gipsowy pod portret z br\u0105zu zosta\u0142 wykonany w warsztacie Paula Thamma. Umieszczono r\u00f3wnie\u017c nazwisko z dat\u0105 urodzin i \u015bmierci (1843-1930). By\u0142 te\u017c psalm : <em>Der Herr ist ein groser Gott, und die Hohen derb Berge find auch sein<\/em>. Zimmermann by\u0142 w\u0142a\u015bcicielem fabryki w Pi\u0142awie G\u00f3rnej. Mieszka\u0142 w L\u0105dku od 1919 r. przy ul. Ko\u015bciuszki 22. Zmar\u0142 14 marca 1930 r., pochowany w Pi\u0142awie G\u00f3rnej.<\/div>\n<div data-offset-key=\"nbsp-0-0\"><img loading=\"lazy\" class=\"aligncenter wp-image-529 size-large\" src=\"http:\/\/www.przyladekhistorii.pl\/wp-content\/uploads\/2018\/12\/g\u0142az03-768x1024.jpg\" alt=\"\" width=\"640\" height=\"853\" srcset=\"https:\/\/www.przyladekhistorii.pl\/wp-content\/uploads\/2018\/12\/g\u0142az03-768x1024.jpg 768w, https:\/\/www.przyladekhistorii.pl\/wp-content\/uploads\/2018\/12\/g\u0142az03-225x300.jpg 225w, https:\/\/www.przyladekhistorii.pl\/wp-content\/uploads\/2018\/12\/g\u0142az03-203x270.jpg 203w, https:\/\/www.przyladekhistorii.pl\/wp-content\/uploads\/2018\/12\/g\u0142az03.jpg 1296w\" sizes=\"(max-width: 640px) 100vw, 640px\" \/><\/div>\n<div data-offset-key=\"nbsp-0-0\"><\/div>\n<div data-offset-key=\"nbsp-0-0\"><img loading=\"lazy\" class=\"aligncenter wp-image-531 size-large\" src=\"http:\/\/www.przyladekhistorii.pl\/wp-content\/uploads\/2018\/12\/g\u0142az05-768x1024.jpg\" alt=\"\" width=\"640\" height=\"853\" srcset=\"https:\/\/www.przyladekhistorii.pl\/wp-content\/uploads\/2018\/12\/g\u0142az05-768x1024.jpg 768w, https:\/\/www.przyladekhistorii.pl\/wp-content\/uploads\/2018\/12\/g\u0142az05-225x300.jpg 225w, https:\/\/www.przyladekhistorii.pl\/wp-content\/uploads\/2018\/12\/g\u0142az05-203x270.jpg 203w, https:\/\/www.przyladekhistorii.pl\/wp-content\/uploads\/2018\/12\/g\u0142az05.jpg 1296w\" sizes=\"(max-width: 640px) 100vw, 640px\" \/><\/div>\n<div data-offset-key=\"nbsp-0-0\"><\/div>\n<div data-offset-key=\"nbsp-0-0\"><img loading=\"lazy\" class=\"aligncenter wp-image-527 size-large\" src=\"http:\/\/www.przyladekhistorii.pl\/wp-content\/uploads\/2018\/12\/g\u0142az01-768x1024.jpg\" alt=\"\" width=\"640\" height=\"853\" srcset=\"https:\/\/www.przyladekhistorii.pl\/wp-content\/uploads\/2018\/12\/g\u0142az01-768x1024.jpg 768w, https:\/\/www.przyladekhistorii.pl\/wp-content\/uploads\/2018\/12\/g\u0142az01-225x300.jpg 225w, https:\/\/www.przyladekhistorii.pl\/wp-content\/uploads\/2018\/12\/g\u0142az01-203x270.jpg 203w, https:\/\/www.przyladekhistorii.pl\/wp-content\/uploads\/2018\/12\/g\u0142az01.jpg 1296w\" sizes=\"(max-width: 640px) 100vw, 640px\" \/><\/div>\n<div style=\"text-align: center;\" data-offset-key=\"nbsp-0-0\"><\/div>\n<\/div>\n","protected":false},"excerpt":{"rendered":"<p>W pobli\u017cu przeka\u017anika na Dzielcu s\u0105siedztwie Drogi My\u015bliwskiej stoi charakterystyczny g\u0142az. Wed\u0142ug p. Lechos\u0142awa Siarkiewicza jest to kamie\u0144 upami\u0119tniaj\u0105cy l\u0105deckiego kupca-poet\u0119 Zimmermanna, kt\u00f3rego dwaj synowie ponie\u015bli \u015bmier\u0107 w szeregach armii niemieckiej na froncie wschodnim pod koniec II wojny \u015bwiatowej (https:\/\/polska-org.pl\/3725541,Ladek_Zdroj,Obelisk_kamienny.html). Zdanie jest tak sformu\u0142owane, \u017ce mo\u017cna zrozumie\u0107, i\u017c kamie\u0144 upami\u0119tnia\u0142 samego kupca Zimmermanna, a nie jego syn\u00f3w-\u017co\u0142nierzy. Wed\u0142ug innych wersji kamie\u0144 mia\u0142 upami\u0119tnia\u0142 ofiar\u0119 (ofiary?) katastrofy lotniczej. Wedle tej wersji, w L\u0105dku-Zdroju i na Puchacz\u00f3wce by\u0142y szko\u0142y lotnicze i jeden&#8230;<\/p>\n<p class=\"read-more\"><a class=\"btn btn-default\" href=\"https:\/\/www.przyladekhistorii.pl\/index.php\/kamienny-obeliskprzy-drodze-mysliwskiej\/\"> Read More<span class=\"screen-reader-text\">  Read More<\/span><\/a><\/p>\n","protected":false},"author":1,"featured_media":528,"parent":0,"menu_order":0,"comment_status":"closed","ping_status":"closed","template":"","meta":[],"_links":{"self":[{"href":"https:\/\/www.przyladekhistorii.pl\/index.php\/wp-json\/wp\/v2\/pages\/533"}],"collection":[{"href":"https:\/\/www.przyladekhistorii.pl\/index.php\/wp-json\/wp\/v2\/pages"}],"about":[{"href":"https:\/\/www.przyladekhistorii.pl\/index.php\/wp-json\/wp\/v2\/types\/page"}],"author":[{"embeddable":true,"href":"https:\/\/www.przyladekhistorii.pl\/index.php\/wp-json\/wp\/v2\/users\/1"}],"replies":[{"embeddable":true,"href":"https:\/\/www.przyladekhistorii.pl\/index.php\/wp-json\/wp\/v2\/comments?post=533"}],"version-history":[{"count":3,"href":"https:\/\/www.przyladekhistorii.pl\/index.php\/wp-json\/wp\/v2\/pages\/533\/revisions"}],"predecessor-version":[{"id":3507,"href":"https:\/\/www.przyladekhistorii.pl\/index.php\/wp-json\/wp\/v2\/pages\/533\/revisions\/3507"}],"wp:featuredmedia":[{"embeddable":true,"href":"https:\/\/www.przyladekhistorii.pl\/index.php\/wp-json\/wp\/v2\/media\/528"}],"wp:attachment":[{"href":"https:\/\/www.przyladekhistorii.pl\/index.php\/wp-json\/wp\/v2\/media?parent=533"}],"curies":[{"name":"wp","href":"https:\/\/api.w.org\/{rel}","templated":true}]}}